{"id":644,"date":"2025-09-04T13:32:04","date_gmt":"2025-09-04T13:32:04","guid":{"rendered":"https:\/\/teenup.ro\/?page_id=644"},"modified":"2025-10-05T16:35:06","modified_gmt":"2025-10-05T16:35:06","slug":"services","status":"publish","type":"page","link":"https:\/\/teenup.ro\/?page_id=644","title":{"rendered":"Programe de formare"},"content":{"rendered":"\t\t<div data-elementor-type=\"wp-page\" data-elementor-id=\"644\" class=\"elementor elementor-644\">\n\t\t\t\t<div class=\"elementor-element elementor-element-79337ab3 e-flex e-con-boxed e-con e-parent\" data-id=\"79337ab3\" data-element_type=\"container\">\n\t\t\t\t\t<div class=\"e-con-inner\">\n\t\t\t\t<div class=\"elementor-element elementor-element-194f2976 elementor-widget elementor-widget-heading\" data-id=\"194f2976\" data-element_type=\"widget\" data-widget_type=\"heading.default\">\n\t\t\t\t\t<h1 class=\"elementor-heading-title elementor-size-default\">Programe de formare<\/h1>\t\t\t\t<\/div>\n\t\t\t\t<div class=\"elementor-element elementor-element-47d860d6 elementor-widget-divider--view-line elementor-widget elementor-widget-divider\" data-id=\"47d860d6\" data-element_type=\"widget\" data-widget_type=\"divider.default\">\n\t\t\t\t\t\t\t<div class=\"elementor-divider\">\n\t\t\t<span class=\"elementor-divider-separator\">\n\t\t\t\t\t\t<\/span>\n\t\t<\/div>\n\t\t\t\t\t\t<\/div>\n\t\t\t\t<div class=\"elementor-element elementor-element-647280b7 elementor-widget__width-initial elementor-widget-tablet__width-initial elementor-widget elementor-widget-heading\" data-id=\"647280b7\" data-element_type=\"widget\" data-widget_type=\"heading.default\">\n\t\t\t\t\t<h5 class=\"elementor-heading-title elementor-size-default\">Proiectul ofer\u0103 formare profesional\u0103 \u00een meserii cerute pe pia\u021ba muncii.<\/h5>\t\t\t\t<\/div>\n\t\t<div class=\"elementor-element elementor-element-9cb3268 e-con-full e-flex e-con e-child\" data-id=\"9cb3268\" data-element_type=\"container\">\n\t\t\t\t<div class=\"elementor-element elementor-element-0313a02 elementor-widget elementor-widget-image\" data-id=\"0313a02\" data-element_type=\"widget\" data-widget_type=\"image.default\">\n\t\t\t\t\t\t\t\t\t\t\t\t\t\t\t<img fetchpriority=\"high\" decoding=\"async\" width=\"1024\" height=\"256\" src=\"https:\/\/teenup.ro\/wp-content\/uploads\/2025\/07\/Design-fara-titlu70-1024x256.png\" class=\"attachment-large size-large wp-image-254\" alt=\"\" srcset=\"https:\/\/teenup.ro\/wp-content\/uploads\/2025\/07\/Design-fara-titlu70-1024x256.png 1024w, https:\/\/teenup.ro\/wp-content\/uploads\/2025\/07\/Design-fara-titlu70-300x75.png 300w, https:\/\/teenup.ro\/wp-content\/uploads\/2025\/07\/Design-fara-titlu70-768x192.png 768w, https:\/\/teenup.ro\/wp-content\/uploads\/2025\/07\/Design-fara-titlu70-1536x384.png 1536w, https:\/\/teenup.ro\/wp-content\/uploads\/2025\/07\/Design-fara-titlu70-1000x250.png 1000w, https:\/\/teenup.ro\/wp-content\/uploads\/2025\/07\/Design-fara-titlu70-230x58.png 230w, https:\/\/teenup.ro\/wp-content\/uploads\/2025\/07\/Design-fara-titlu70-350x88.png 350w, https:\/\/teenup.ro\/wp-content\/uploads\/2025\/07\/Design-fara-titlu70-480x120.png 480w, https:\/\/teenup.ro\/wp-content\/uploads\/2025\/07\/Design-fara-titlu70.png 1584w\" sizes=\"(max-width: 1024px) 100vw, 1024px\" \/>\t\t\t\t\t\t\t\t\t\t\t\t\t\t\t<\/div>\n\t\t\t\t<\/div>\n\t\t\t\t\t<\/div>\n\t\t\t\t<\/div>\n\t\t<div class=\"elementor-element elementor-element-7e361ef8 e-flex e-con-boxed e-con e-parent\" data-id=\"7e361ef8\" data-element_type=\"container\" id=\"service1\">\n\t\t\t\t\t<div class=\"e-con-inner\">\n\t\t<div class=\"elementor-element elementor-element-132928fd e-con-full e-flex e-con e-child\" data-id=\"132928fd\" data-element_type=\"container\">\n\t\t\t\t<div class=\"elementor-element elementor-element-62b9e50a elementor-widget elementor-widget-heading\" data-id=\"62b9e50a\" data-element_type=\"widget\" data-widget_type=\"heading.default\">\n\t\t\t\t\t<h2 class=\"elementor-heading-title elementor-size-default\">Operator introducere, validare \u0219i prelucrare date <\/h2>\t\t\t\t<\/div>\n\t\t\t\t<div class=\"elementor-element elementor-element-7f0d478e elementor-widget elementor-widget-text-editor\" data-id=\"7f0d478e\" data-element_type=\"widget\" data-widget_type=\"text-editor.default\">\n\t\t\t\t\t\t\t\t\t<p>&#8211; Curs de calificare nivel 3<br \/>&#8211; Certificat acreditat de catre Ministerul Muncii<\/p><p>&#8211; 3600 lei\/persoana (subventia se achita ca urmare a participarii la program si la examenul final);<br \/>&#8211; 720 de ore de formare (240 de ore sunt de teorie si 480 de ore sunt de practica);<\/p>\t\t\t\t\t\t\t\t<\/div>\n\t\t\t\t<\/div>\n\t\t<div class=\"elementor-element elementor-element-2f14ea25 e-con-full e-flex e-con e-child\" data-id=\"2f14ea25\" data-element_type=\"container\" data-settings=\"{&quot;background_background&quot;:&quot;classic&quot;}\">\n\t\t\t\t<div class=\"elementor-element elementor-element-0ac1530 elementor-widget elementor-widget-image\" data-id=\"0ac1530\" data-element_type=\"widget\" data-widget_type=\"image.default\">\n\t\t\t\t\t\t\t\t\t\t\t\t\t\t\t<img decoding=\"async\" width=\"811\" height=\"578\" src=\"https:\/\/teenup.ro\/wp-content\/uploads\/2025\/07\/Rectangle-602-1.jpg\" class=\"attachment-large size-large wp-image-161\" alt=\"\" srcset=\"https:\/\/teenup.ro\/wp-content\/uploads\/2025\/07\/Rectangle-602-1.jpg 811w, https:\/\/teenup.ro\/wp-content\/uploads\/2025\/07\/Rectangle-602-1-300x214.jpg 300w, https:\/\/teenup.ro\/wp-content\/uploads\/2025\/07\/Rectangle-602-1-768x547.jpg 768w, https:\/\/teenup.ro\/wp-content\/uploads\/2025\/07\/Rectangle-602-1-230x164.jpg 230w, https:\/\/teenup.ro\/wp-content\/uploads\/2025\/07\/Rectangle-602-1-350x249.jpg 350w, https:\/\/teenup.ro\/wp-content\/uploads\/2025\/07\/Rectangle-602-1-480x342.jpg 480w\" sizes=\"(max-width: 811px) 100vw, 811px\" \/>\t\t\t\t\t\t\t\t\t\t\t\t\t\t\t<\/div>\n\t\t\t\t<\/div>\n\t\t\t\t\t<\/div>\n\t\t\t\t<\/div>\n\t\t<div class=\"elementor-element elementor-element-5957b5a7 e-flex e-con-boxed e-con e-parent\" data-id=\"5957b5a7\" data-element_type=\"container\" id=\"service2\">\n\t\t\t\t\t<div class=\"e-con-inner\">\n\t\t<div class=\"elementor-element elementor-element-14ab9ec5 e-con-full e-flex e-con e-child\" data-id=\"14ab9ec5\" data-element_type=\"container\">\n\t\t\t\t<div class=\"elementor-element elementor-element-17688e3d elementor-widget elementor-widget-heading\" data-id=\"17688e3d\" data-element_type=\"widget\" data-widget_type=\"heading.default\">\n\t\t\t\t\t<h2 class=\"elementor-heading-title elementor-size-default\">Lucr\u0103tor comercial<\/h2>\t\t\t\t<\/div>\n\t\t\t\t<div class=\"elementor-element elementor-element-78ee4bf8 elementor-widget elementor-widget-text-editor\" data-id=\"78ee4bf8\" data-element_type=\"widget\" data-widget_type=\"text-editor.default\">\n\t\t\t\t\t\t\t\t\t<p>&#8211; Curs de calificare nivel 2<br \/>&#8211; Certificat acreditat de catre Ministerul Muncii<\/p><p>&#8211; 1800 lei\/persoana (subventia se achita ca urmare a participarii la program si la examenul final);<br \/>&#8211; 360 de ore de formare (120 de ore sunt de teorie si 240 de ore sunt de practica);<\/p>\t\t\t\t\t\t\t\t<\/div>\n\t\t\t\t<\/div>\n\t\t<div class=\"elementor-element elementor-element-683c8e86 e-con-full e-flex e-con e-child\" data-id=\"683c8e86\" data-element_type=\"container\" data-settings=\"{&quot;background_background&quot;:&quot;classic&quot;}\">\n\t\t\t\t<div class=\"elementor-element elementor-element-f26296a elementor-widget elementor-widget-image\" data-id=\"f26296a\" data-element_type=\"widget\" data-widget_type=\"image.default\">\n\t\t\t\t\t\t\t\t\t\t\t\t\t\t\t<img decoding=\"async\" width=\"940\" height=\"788\" src=\"https:\/\/teenup.ro\/wp-content\/uploads\/2025\/07\/Lucrator-comercial.png\" class=\"attachment-large size-large wp-image-193\" alt=\"\" srcset=\"https:\/\/teenup.ro\/wp-content\/uploads\/2025\/07\/Lucrator-comercial.png 940w, https:\/\/teenup.ro\/wp-content\/uploads\/2025\/07\/Lucrator-comercial-300x251.png 300w, https:\/\/teenup.ro\/wp-content\/uploads\/2025\/07\/Lucrator-comercial-768x644.png 768w, https:\/\/teenup.ro\/wp-content\/uploads\/2025\/07\/Lucrator-comercial-230x193.png 230w, https:\/\/teenup.ro\/wp-content\/uploads\/2025\/07\/Lucrator-comercial-350x293.png 350w, https:\/\/teenup.ro\/wp-content\/uploads\/2025\/07\/Lucrator-comercial-480x402.png 480w\" sizes=\"(max-width: 940px) 100vw, 940px\" \/>\t\t\t\t\t\t\t\t\t\t\t\t\t\t\t<\/div>\n\t\t\t\t<\/div>\n\t\t\t\t\t<\/div>\n\t\t\t\t<\/div>\n\t\t<div class=\"elementor-element elementor-element-38b24392 e-flex e-con-boxed e-con e-parent\" data-id=\"38b24392\" data-element_type=\"container\" id=\"service3\">\n\t\t\t\t\t<div class=\"e-con-inner\">\n\t\t<div class=\"elementor-element elementor-element-162e45bf e-con-full e-flex e-con e-child\" data-id=\"162e45bf\" data-element_type=\"container\">\n\t\t\t\t<div class=\"elementor-element elementor-element-4aa2e462 elementor-widget elementor-widget-heading\" data-id=\"4aa2e462\" data-element_type=\"widget\" data-widget_type=\"heading.default\">\n\t\t\t\t\t<h2 class=\"elementor-heading-title elementor-size-default\">Consilier orientare privind cariera <\/h2>\t\t\t\t<\/div>\n\t\t\t\t<div class=\"elementor-element elementor-element-5ef27139 elementor-widget elementor-widget-text-editor\" data-id=\"5ef27139\" data-element_type=\"widget\" data-widget_type=\"text-editor.default\">\n\t\t\t\t\t\t\t\t\t<p>&#8211; Curs de specializare<br \/>&#8211; Certificat acreditat de catre Ministerul Muncii<\/p><p>&#8211; 900 lei\/persoana (subventia se achita ca urmare a participarii la program si la examenul final);<br \/>&#8211; 180 de ore de formare (60 de ore sunt de teorie si 120 de ore sunt de practica);<\/p>\t\t\t\t\t\t\t\t<\/div>\n\t\t\t\t<\/div>\n\t\t<div class=\"elementor-element elementor-element-4429700b e-con-full e-flex e-con e-child\" data-id=\"4429700b\" data-element_type=\"container\" data-settings=\"{&quot;background_background&quot;:&quot;classic&quot;}\">\n\t\t\t\t<div class=\"elementor-element elementor-element-7bf8c34 elementor-widget elementor-widget-image\" data-id=\"7bf8c34\" data-element_type=\"widget\" data-widget_type=\"image.default\">\n\t\t\t\t\t\t\t\t\t\t\t\t\t\t\t<img loading=\"lazy\" decoding=\"async\" width=\"940\" height=\"788\" src=\"https:\/\/teenup.ro\/wp-content\/uploads\/2025\/07\/consiliere-in-cariera-teenup.png\" class=\"attachment-large size-large wp-image-192\" alt=\"\" srcset=\"https:\/\/teenup.ro\/wp-content\/uploads\/2025\/07\/consiliere-in-cariera-teenup.png 940w, https:\/\/teenup.ro\/wp-content\/uploads\/2025\/07\/consiliere-in-cariera-teenup-300x251.png 300w, https:\/\/teenup.ro\/wp-content\/uploads\/2025\/07\/consiliere-in-cariera-teenup-768x644.png 768w, https:\/\/teenup.ro\/wp-content\/uploads\/2025\/07\/consiliere-in-cariera-teenup-230x193.png 230w, https:\/\/teenup.ro\/wp-content\/uploads\/2025\/07\/consiliere-in-cariera-teenup-350x293.png 350w, https:\/\/teenup.ro\/wp-content\/uploads\/2025\/07\/consiliere-in-cariera-teenup-480x402.png 480w\" sizes=\"(max-width: 940px) 100vw, 940px\" \/>\t\t\t\t\t\t\t\t\t\t\t\t\t\t\t<\/div>\n\t\t\t\t<\/div>\n\t\t\t\t\t<\/div>\n\t\t\t\t<\/div>\n\t\t<div class=\"elementor-element elementor-element-151cc171 e-con-full e-flex e-con e-parent\" data-id=\"151cc171\" data-element_type=\"container\" id=\"service4\">\n\t\t<div class=\"elementor-element elementor-element-4f719ee4 e-con-full e-flex e-con e-child\" data-id=\"4f719ee4\" data-element_type=\"container\">\n\t\t\t\t<div class=\"elementor-element elementor-element-2e3a27df elementor-widget elementor-widget-heading\" data-id=\"2e3a27df\" data-element_type=\"widget\" data-widget_type=\"heading.default\">\n\t\t\t\t\t<h2 class=\"elementor-heading-title elementor-size-default\">Documente necesare \u00eenscrierii \u00een proiect:<\/h2>\t\t\t\t<\/div>\n\t\t\t\t<div class=\"elementor-element elementor-element-59c27834 elementor-widget elementor-widget-text-editor\" data-id=\"59c27834\" data-element_type=\"widget\" data-widget_type=\"text-editor.default\">\n\t\t\t\t\t\t\t\t\t<p>\ud83d\udd39Copie CI din care sa reias\u0103 domiciul sau reziden\u021ba \u00een regiunea de implementare (Bucure\u0219ti \u2013 Ilfov);<br \/>\ud83d\udd39Copie certificat de nastere;<br \/>\ud83d\udd39Copie certificat de casatorie (dac\u0103 este cazul);<br \/>\ud83d\udd39Copie diplom\u0103 ultima \u0219coal\u0103 absolvit\u0103;<br \/>\ud83d\udd39Nivelul de educatie minim este de absolvire liceu (Excep\u021bie cursul de consilier privind orientarea \u00een carier\u0103 unde este necesar diplom\u0103 de licen\u021b\u0103);<br \/>\ud83d\udd39Adeverin\u021b\u0103 de la medicul de familie (pentru cursul de Lucrator in comer\u021b);<br \/>\ud83d\udd39Adeverint\u0103 AJOFM.<\/p>\t\t\t\t\t\t\t\t<\/div>\n\t\t\t\t<\/div>\n\t\t<div class=\"elementor-element elementor-element-57947738 e-con-full e-flex e-con e-child\" data-id=\"57947738\" data-element_type=\"container\" data-settings=\"{&quot;background_background&quot;:&quot;classic&quot;}\">\n\t\t\t\t<div class=\"elementor-element elementor-element-341de9f elementor-widget elementor-widget-image\" data-id=\"341de9f\" data-element_type=\"widget\" data-widget_type=\"image.default\">\n\t\t\t\t\t\t\t\t\t\t\t\t\t\t\t<img loading=\"lazy\" decoding=\"async\" width=\"790\" height=\"810\" src=\"https:\/\/teenup.ro\/wp-content\/uploads\/2025\/07\/Mask-group-1-1.jpg\" class=\"attachment-large size-large wp-image-291\" alt=\"\" srcset=\"https:\/\/teenup.ro\/wp-content\/uploads\/2025\/07\/Mask-group-1-1.jpg 790w, https:\/\/teenup.ro\/wp-content\/uploads\/2025\/07\/Mask-group-1-1-293x300.jpg 293w, https:\/\/teenup.ro\/wp-content\/uploads\/2025\/07\/Mask-group-1-1-768x787.jpg 768w, https:\/\/teenup.ro\/wp-content\/uploads\/2025\/07\/Mask-group-1-1-230x236.jpg 230w, https:\/\/teenup.ro\/wp-content\/uploads\/2025\/07\/Mask-group-1-1-350x359.jpg 350w, https:\/\/teenup.ro\/wp-content\/uploads\/2025\/07\/Mask-group-1-1-480x492.jpg 480w\" sizes=\"(max-width: 790px) 100vw, 790px\" \/>\t\t\t\t\t\t\t\t\t\t\t\t\t\t\t<\/div>\n\t\t\t\t<\/div>\n\t\t\t\t<\/div>\n\t\t<div class=\"elementor-element elementor-element-7868886 e-flex e-con-boxed e-con e-parent\" data-id=\"7868886\" data-element_type=\"container\">\n\t\t\t\t\t<div class=\"e-con-inner\">\n\t\t\t\t<div class=\"elementor-element elementor-element-40e9be10 elementor-widget elementor-widget-heading\" data-id=\"40e9be10\" data-element_type=\"widget\" data-widget_type=\"heading.default\">\n\t\t\t\t\t<h5 class=\"elementor-heading-title elementor-size-default\">Pentru informa\u021bii detaliate despre celelalte programe cofinan\u021bate de Uniunea European\u0103, v\u0103 invit\u0103m s\u0103 vizita\u021bi www.fonduri-ue.ro<\/h5>\t\t\t\t<\/div>\n\t\t\t\t<div class=\"elementor-element elementor-element-1d354ac1 elementor-align-center elementor-invisible elementor-widget elementor-widget-button\" data-id=\"1d354ac1\" data-element_type=\"widget\" data-settings=\"{&quot;_animation&quot;:&quot;fadeInDown&quot;}\" data-widget_type=\"button.default\">\n\t\t\t\t\t\t\t\t\t\t<a class=\"elementor-button elementor-button-link elementor-size-sm\" href=\"http:\/\/www.fonduri-ue.ro\">\n\t\t\t\t\t\t<span class=\"elementor-button-content-wrapper\">\n\t\t\t\t\t\t\t\t\t<span class=\"elementor-button-text\">Contacteaz\u0103-ne<\/span>\n\t\t\t\t\t<\/span>\n\t\t\t\t\t<\/a>\n\t\t\t\t\t\t\t\t<\/div>\n\t\t<div class=\"elementor-element elementor-element-7e016e3 e-con-full e-flex e-con e-child\" data-id=\"7e016e3\" data-element_type=\"container\">\n\t\t\t\t<div class=\"elementor-element elementor-element-42f4aad elementor-widget elementor-widget-heading\" data-id=\"42f4aad\" data-element_type=\"widget\" data-widget_type=\"heading.default\">\n\t\t\t\t\t<h2 class=\"elementor-heading-title elementor-size-default\">E\u0219ti preg\u0103tit s\u0103 \u00eenve\u021bi ceva nou? Atunci contacteaz\u0103-ne!<\/h2>\t\t\t\t<\/div>\n\t\t\t\t<div class=\"elementor-element elementor-element-33f3f8b elementor-widget__width-initial elementor-widget elementor-widget-text-editor\" data-id=\"33f3f8b\" data-element_type=\"widget\" data-widget_type=\"text-editor.default\">\n\t\t\t\t\t\t\t\t\t<div class=\"elementor-element elementor-element-5fc1a6d9 elementor-widget__width-initial elementor-widget elementor-widget-text-editor\" data-id=\"5fc1a6d9\" data-element_type=\"widget\" data-widget_type=\"text-editor.default\"><p><strong>Andra:<\/strong> 0766 829 044 | andra.mitran@goodstory.ro<\/p><p><strong>Ruxandra:<\/strong> 0735 867 783 | ruxandra.finichiu@goodstory.ro<\/p><\/div>\t\t\t\t\t\t\t\t<\/div>\n\t\t\t\t<\/div>\n\t\t\t\t\t<\/div>\n\t\t\t\t<\/div>\n\t\t\t\t<\/div>\n\t\t","protected":false},"excerpt":{"rendered":"<p>Programe de formare Proiectul ofer\u0103 formare profesional\u0103 \u00een meserii cerute pe pia\u021ba muncii. Operator introducere, validare \u0219i prelucrare date &#8211; Curs de [&hellip;]<\/p>\n","protected":false},"author":2,"featured_media":0,"parent":0,"menu_order":0,"comment_status":"closed","ping_status":"closed","template":"elementor_header_footer","meta":{"footnotes":""},"class_list":["post-644","page","type-page","status-publish","hentry"],"_links":{"self":[{"href":"https:\/\/teenup.ro\/index.php?rest_route=\/wp\/v2\/pages\/644","targetHints":{"allow":["GET"]}}],"collection":[{"href":"https:\/\/teenup.ro\/index.php?rest_route=\/wp\/v2\/pages"}],"about":[{"href":"https:\/\/teenup.ro\/index.php?rest_route=\/wp\/v2\/types\/page"}],"author":[{"embeddable":true,"href":"https:\/\/teenup.ro\/index.php?rest_route=\/wp\/v2\/users\/2"}],"replies":[{"embeddable":true,"href":"https:\/\/teenup.ro\/index.php?rest_route=%2Fwp%2Fv2%2Fcomments&post=644"}],"version-history":[{"count":37,"href":"https:\/\/teenup.ro\/index.php?rest_route=\/wp\/v2\/pages\/644\/revisions"}],"predecessor-version":[{"id":871,"href":"https:\/\/teenup.ro\/index.php?rest_route=\/wp\/v2\/pages\/644\/revisions\/871"}],"wp:attachment":[{"href":"https:\/\/teenup.ro\/index.php?rest_route=%2Fwp%2Fv2%2Fmedia&parent=644"}],"curies":[{"name":"wp","href":"https:\/\/api.w.org\/{rel}","templated":true}]}}